{"id":8,"date":"2019-08-09T15:53:16","date_gmt":"2019-08-09T13:53:16","guid":{"rendered":"http:\/\/www.tt4f.de\/?page_id=8"},"modified":"2020-05-19T08:17:11","modified_gmt":"2020-05-19T06:17:11","slug":"start","status":"publish","type":"page","link":"https:\/\/www.tt4f.de\/ssf\/","title":{"rendered":"Start"},"content":{"rendered":"[vc_row type=&#8220;in_container&#8220; full_screen_row_position=&#8220;middle&#8220; scene_position=&#8220;center&#8220; text_color=&#8220;dark&#8220; text_align=&#8220;left&#8220; bottom_padding=&#8220;30&#8243; overlay_strength=&#8220;0.3&#8243; shape_divider_position=&#8220;bottom&#8220; bg_image_animation=&#8220;none&#8220; shape_type=&#8220;&#8220;][vc_column column_padding=&#8220;no-extra-padding&#8220; column_padding_position=&#8220;all&#8220; background_color_opacity=&#8220;1&#8243; background_hover_color_opacity=&#8220;1&#8243; column_link_target=&#8220;_self&#8220; column_shadow=&#8220;none&#8220; column_border_radius=&#8220;5px&#8220; width=&#8220;1\/2&#8243; tablet_width_inherit=&#8220;default&#8220; tablet_text_alignment=&#8220;default&#8220; phone_text_alignment=&#8220;default&#8220; column_border_width=&#8220;none&#8220; bg_image_animation=&#8220;none&#8220;][fancy_box box_style=&#8220;default&#8220; icon_family=&#8220;none&#8220; image_url=&#8220;326&#8243; color=&#8220;accent-color&#8220;]\n<h3 style=\"text-align: right;\">TISCHTENNIS<\/h3>\n<h2 style=\"text-align: right;\">Terminvergabe SSF Bonn<\/h2>\n<p style=\"text-align: right;\">Hier k\u00f6nnen Slots gebucht werden f\u00fcr den Sportpark Nord und die Hallen der Jahnschule und des Heinrich-Hertz-Europakolleg.<\/p>\n<p><img loading=\"lazy\" decoding=\"async\" class=\"size-full wp-image-309 alignright\" style=\"width: 90px; height: auto;\" src=\"https:\/\/www.tt4f.de\/ssf\/wp-content\/uploads\/2020\/05\/ssf-bonn_footer.png\" alt=\"\" width=\"175\" height=\"250\" \/>[\/fancy_box][\/vc_column][vc_column column_padding=&#8220;no-extra-padding&#8220; column_padding_position=&#8220;all&#8220; background_color=&#8220;#285a66&#8243; background_color_opacity=&#8220;1&#8243; background_hover_color_opacity=&#8220;1&#8243; font_color=&#8220;#ffffff&#8220; column_link_target=&#8220;_self&#8220; column_shadow=&#8220;none&#8220; column_border_radius=&#8220;5px&#8220; width=&#8220;1\/2&#8243; tablet_width_inherit=&#8220;default&#8220; tablet_text_alignment=&#8220;default&#8220; phone_text_alignment=&#8220;default&#8220; column_border_width=&#8220;none&#8220; bg_image_animation=&#8220;none&#8220;][vc_column_text]<div class=\"booked-calendar-shortcode-wrap\"><div class=\"booked-calendar-wrap small\"><table class=\"booked-calendar\" data-calendar-date=\"2026-04-01\">\n\t\t<thead>\n\n\t\t\t\n\t\t\t<tr>\n\t\t\t\t<th colspan=\"7\">\n\t\t\t\t\t\t\t\t\t\t<span class=\"calendarSavingState\">\n\t\t\t\t\t\t<i class=\"booked-icon booked-icon-spinner-clock booked-icon-spin\"><\/i>\n\t\t\t\t\t<\/span>\n\t\t\t\t\t<span class=\"monthName\">\n\t\t\t\t\t\tApril 2026\t\t\t\t\t\t\t\t\t\t\t<\/span>\n\t\t\t\t\t<a href=\"#\" data-goto=\"2026-05-01\" class=\"page-right\"><i class=\"booked-icon booked-icon-arrow-right\"><\/i><\/a>\t\t\t\t<\/th>\n\t\t\t<\/tr>\n\t\t\t<tr class=\"days\">\n\t\t\t\t\t\t\t\t<th>Mo.<\/th>\n\t\t\t\t<th>Di.<\/th>\n\t\t\t\t<th>Mi.<\/th>\n\t\t\t\t<th>Do.<\/th>\n\t\t\t\t<th>Fr.<\/th>\n\t\t\t\t<th>Sa.<\/th>\t\t\t\t<th>So.<\/th>\t\t\t<\/tr>\n\t\t<\/thead>\n\t\t<tbody><tr class=\"week\"><td data-date=\"2026-03-30\" class=\"prev-month prev-date\"><span class=\"date\"><span class=\"number\">30<\/span><\/span><\/td><td data-date=\"2026-03-31\" class=\"prev-month booked prev-date\"><span class=\"date\"><span class=\"number\">31<\/span><\/span><\/td><td data-date=\"2026-04-1\" class=\"prev-date\"><span class=\"date\"><span class=\"number\">1<\/span><\/span><\/td><td data-date=\"2026-04-2\" class=\"prev-date\"><span class=\"date\"><span class=\"number\">2<\/span><\/span><\/td><td data-date=\"2026-04-3\" class=\"prev-date\"><span class=\"date\"><span class=\"number\">3<\/span><\/span><\/td><td data-date=\"2026-04-4\" class=\"prev-date\"><span class=\"date\"><span class=\"number\">4<\/span><\/span><\/td><td data-date=\"2026-04-5\" class=\"prev-date\"><span class=\"date\"><span class=\"number\">5<\/span><\/span><\/td><\/tr><tr class=\"week\"><td data-date=\"2026-04-6\" class=\"prev-date\"><span class=\"date\"><span class=\"number\">6<\/span><\/span><\/td><td data-date=\"2026-04-7\" class=\"prev-date\"><span class=\"date\"><span class=\"number\">7<\/span><\/span><\/td><td data-date=\"2026-04-8\" class=\"prev-date\"><span class=\"date\"><span class=\"number\">8<\/span><\/span><\/td><td data-date=\"2026-04-9\" class=\"prev-date\"><span class=\"date\"><span class=\"number\">9<\/span><\/span><\/td><td data-date=\"2026-04-10\" class=\"prev-date\"><span class=\"date\"><span class=\"number\">10<\/span><\/span><\/td><td data-date=\"2026-04-11\" class=\"prev-date\"><span class=\"date\"><span class=\"number\">11<\/span><\/span><\/td><td data-date=\"2026-04-12\" class=\"prev-date\"><span class=\"date\"><span class=\"number\">12<\/span><\/span><\/td><\/tr><tr class=\"week\"><td data-date=\"2026-04-13\" class=\"prev-date\"><span class=\"date\"><span class=\"number\">13<\/span><\/span><\/td><td data-date=\"2026-04-14\" class=\"booked prev-date\"><span class=\"date\"><span class=\"number\">14<\/span><\/span><\/td><td data-date=\"2026-04-15\" class=\"prev-date\"><span class=\"date\"><span class=\"number\">15<\/span><\/span><\/td><td data-date=\"2026-04-16\" class=\"prev-date\"><span class=\"date\"><span class=\"number\">16<\/span><\/span><\/td><td data-date=\"2026-04-17\" class=\"prev-date\"><span class=\"date\"><span class=\"number\">17<\/span><\/span><\/td><td data-date=\"2026-04-18\" class=\"prev-date\"><span class=\"date\"><span class=\"number\">18<\/span><\/span><\/td><td data-date=\"2026-04-19\" class=\"prev-date\"><span class=\"date\"><span class=\"number\">19<\/span><\/span><\/td><\/tr><tr class=\"week\"><td data-date=\"2026-04-20\" class=\"prev-date\"><span class=\"date\"><span class=\"number\">20<\/span><\/span><\/td><td data-date=\"2026-04-21\" class=\"booked prev-date\"><span class=\"date\"><span class=\"number\">21<\/span><\/span><\/td><td data-date=\"2026-04-22\" class=\"prev-date\"><span class=\"date\"><span class=\"number\">22<\/span><\/span><\/td><td data-date=\"2026-04-23\" class=\"prev-date\"><span class=\"date\"><span class=\"number\">23<\/span><\/span><\/td><td data-date=\"2026-04-24\" class=\"prev-date\"><span class=\"date\"><span class=\"number\">24<\/span><\/span><\/td><td data-date=\"2026-04-25\" class=\"prev-date\"><span class=\"date\"><span class=\"number\">25<\/span><\/span><\/td><td data-date=\"2026-04-26\" class=\"prev-date\"><span class=\"date\"><span class=\"number\">26<\/span><\/span><\/td><\/tr><tr class=\"week\"><td data-date=\"2026-04-27\" class=\"prev-date\"><span class=\"date\"><span class=\"number\">27<\/span><\/span><\/td><td data-date=\"2026-04-28\" class=\"today booked prev-date\"><span class=\"date\"><span class=\"number\">28<\/span><\/span><\/td><td data-date=\"2026-04-29\" class=\"\"><span class=\"date tooltipster\" title=\"12 frei\"><span class=\"number\">29<\/span><\/span><\/td><td data-date=\"2026-04-30\" class=\"prev-date\"><span class=\"date\"><span class=\"number\">30<\/span><\/span><\/td><td data-date=\"2026-05-1\" class=\"next-month prev-date\"><span class=\"date\"><span class=\"number\">1<\/span><\/span><\/td><td data-date=\"2026-05-2\" class=\"next-month prev-date\"><span class=\"date\"><span class=\"number\">2<\/span><\/span><\/td><td data-date=\"2026-05-3\" class=\"next-month prev-date\"><span class=\"date\"><span class=\"number\">3<\/span><\/span><\/td><\/tr>\t\t<\/tbody>\n\t<\/table><\/div><\/div>\n<p style=\"text-align: center; padding: 12px 24px 12px; font-size: 85%; line-height: 1.5;\">Termin reservieren: W\u00e4hle im Kalender deinen gew\u00fcnschten Tag und anschlie\u00dfend den Zeitraum.<\/p>\n[\/vc_column_text][\/vc_column][\/vc_row][vc_row type=&#8220;in_container&#8220; full_screen_row_position=&#8220;middle&#8220; scene_position=&#8220;center&#8220; text_color=&#8220;dark&#8220; text_align=&#8220;left&#8220; overlay_strength=&#8220;0.3&#8243; shape_divider_position=&#8220;bottom&#8220; bg_image_animation=&#8220;none&#8220; shape_type=&#8220;&#8220;][vc_column column_padding=&#8220;padding-2-percent&#8220; column_padding_position=&#8220;all&#8220; background_color=&#8220;#0c1a1e&#8220; background_color_opacity=&#8220;1&#8243; background_hover_color_opacity=&#8220;1&#8243; column_link_target=&#8220;_self&#8220; column_shadow=&#8220;none&#8220; column_border_radius=&#8220;5px&#8220; width=&#8220;1\/1&#8243; tablet_width_inherit=&#8220;default&#8220; tablet_text_alignment=&#8220;default&#8220; phone_text_alignment=&#8220;default&#8220; column_border_width=&#8220;none&#8220; bg_image_animation=&#8220;none&#8220;][vc_column_text]<img loading=\"lazy\" decoding=\"async\" class=\"alignleft size-medium wp-image-212\" style=\"width: 150px; height: auto; margin-right: 30px;\" src=\"https:\/\/www.tt4f.de\/ssf\/wp-content\/uploads\/2020\/05\/simon-im-raum-285x300.jpg\" alt=\"\" width=\"285\" height=\"300\" srcset=\"https:\/\/www.tt4f.de\/ssf\/wp-content\/uploads\/2020\/05\/simon-im-raum-285x300.jpg 285w, https:\/\/www.tt4f.de\/ssf\/wp-content\/uploads\/2020\/05\/simon-im-raum-768x808.jpg 768w, https:\/\/www.tt4f.de\/ssf\/wp-content\/uploads\/2020\/05\/simon-im-raum.jpg 899w\" sizes=\"auto, (max-width: 285px) 100vw, 285px\" \/>Zu eurer Info: Dieses Termintool f\u00fcr den Trainingsbetrieb des SSF Bonn wird freundlicherweise von <a href=\"https:\/\/www.TT4F.de\">TT4F.de<\/a> zur Verf\u00fcgung gestellt. Das ist ein privater Trainingsraum, der im Self-Service genutzt werden kann, und der von den SSF-Vereinsmitgliedern Mert, Simon und Joachim in Eigenregie betrieben wird.<\/p>\n<p>Du m\u00f6chtest auch mal hier trainieren? Sprich uns an:\u00a0 Simon Tewes (01732031625) oder Joachim Busch (015159431341).<\/p>\n<div style=\"clear: both;\"><\/div>\n[\/vc_column_text][\/vc_column][\/vc_row][vc_row type=&#8220;in_container&#8220; full_screen_row_position=&#8220;middle&#8220; scene_position=&#8220;center&#8220; text_color=&#8220;dark&#8220; text_align=&#8220;left&#8220; overlay_strength=&#8220;0.3&#8243; shape_divider_position=&#8220;bottom&#8220; bg_image_animation=&#8220;none&#8220;][vc_column column_padding=&#8220;no-extra-padding&#8220; column_padding_position=&#8220;all&#8220; background_color_opacity=&#8220;1&#8243; background_hover_color_opacity=&#8220;1&#8243; column_link_target=&#8220;_self&#8220; column_shadow=&#8220;none&#8220; column_border_radius=&#8220;none&#8220; width=&#8220;1\/1&#8243; tablet_width_inherit=&#8220;default&#8220; tablet_text_alignment=&#8220;default&#8220; phone_text_alignment=&#8220;default&#8220; column_border_width=&#8220;none&#8220; column_border_style=&#8220;solid&#8220; bg_image_animation=&#8220;none&#8220;][testimonial_slider style=&#8220;multiple_visible&#8220; color=&#8220;accent-color-light&#8220; autorotate=&#8220;8000&#8243;][testimonial image=&#8220;212&#8243; star_rating=&#8220;none&#8220; title=&#8220;Testimonial&#8220; id=&#8220;1589868984552-8&#8243; tab_id=&#8220;1589868984553-9&#8243; name=&#8220;Simon T.&#8220; quote=&#8220;Endlich kann ich mal so richtig frei experimentieren, ohne meinen Trainingspartner den Ball holen zu schicken.&#8220;][testimonial image=&#8220;172&#8243; star_rating=&#8220;none&#8220; title=&#8220;Testimonial&#8220; id=&#8220;1589868984616-7&#8243; tab_id=&#8220;1589868984617-9&#8243; name=&#8220;Joachim B.&#8220; quote=&#8220;Meine pers\u00f6nliche Freiheit: Schl\u00e4ger raus, Musik an und Spa\u00df haben!&#8220;][testimonial star_rating=&#8220;none&#8220; title=&#8220;Testimonial&#8220; id=&#8220;1589868984661-5&#8243; tab_id=&#8220;1589868984662-3&#8243; name=&#8220;Felipe C.&#8220; quote=&#8220;Der Raum ist ideal f\u00fcr Trainingseinheiten alleine oder zu zweit geeignet. F\u00fcr mich ist der Roboter optimal, da ich seit l\u00e4ngerem wieder am Balleimer viele B\u00e4lle in hohem Tempo zugespielt haben wollte.&#8220;][testimonial star_rating=&#8220;none&#8220; title=&#8220;Testimonial&#8220; id=&#8220;1589868984700-6&#8243; tab_id=&#8220;1589868984701-7&#8243; name=&#8220;Felix H.&#8220; quote=&#8220;Es kann zwar nicht das Spiel mit einem anderen Spieler ersetzen, aber um die eigene Technik zu verfeinern ist der Tischtennisraum mit Roboter &#8218;Robo-Pong&#8216; ideal.&#8220;][testimonial star_rating=&#8220;none&#8220; title=&#8220;Testimonial&#8220; id=&#8220;1589868984728-5&#8243; tab_id=&#8220;1589868984728-3&#8243; name=&#8220;Wolfgang B.&#8220; quote=&#8220;Robo-Power in der Ping-Pong-Kammer: In der Isolation zur TT-Kanone!&#8220;][testimonial image=&#8220;216&#8243; star_rating=&#8220;none&#8220; title=&#8220;Testimonial&#8220; id=&#8220;1589868984772-1&#8243; tab_id=&#8220;1589868984773-6&#8243; name=&#8220;Adrian S.&#8220; quote=&#8220;Super!&#8220;][testimonial image=&#8220;257&#8243; star_rating=&#8220;none&#8220; title=&#8220;Testimonial&#8220; id=&#8220;1589868984810-5&#8243; tab_id=&#8220;1589868984811-4&#8243; name=&#8220;Udo K.&#8220; quote=&#8220;Der Boden ist ideal. Richtig griffig.&#8220;][testimonial star_rating=&#8220;none&#8220; title=&#8220;Testimonial&#8220; id=&#8220;1589868984837-1&#8243; tab_id=&#8220;1589868984839-6&#8243; name=&#8220;Georg L.&#8220; quote=&#8220;Mit zahlreichen realistischen Spielsituationen kann ich mit RoboPong an meinen Anf\u00e4ngerfehlern arbeiten.&#8220;][testimonial star_rating=&#8220;none&#8220; title=&#8220;Testimonial&#8220; id=&#8220;1589868984867-1&#8243; tab_id=&#8220;1589868984868-6&#8243; name=&#8220;G\u00fcnter S.&#8220; quote=&#8220;Der TT4F ist der Knaller: 90 min. Training, so wie man m\u00f6chte! Gl\u00fcckwunsch und Danke&#8220;][\/testimonial_slider][\/vc_column][\/vc_row]\n","protected":false},"excerpt":{"rendered":"<p>[vc_row type=&#8220;in_container&#8220; full_screen_row_position=&#8220;middle&#8220; scene_position=&#8220;center&#8220; text_color=&#8220;dark&#8220; text_align=&#8220;left&#8220; bottom_padding=&#8220;30&#8243; overlay_strength=&#8220;0.3&#8243; shape_divider_position=&#8220;bottom&#8220; bg_image_animation=&#8220;none&#8220; shape_type=&#8220;&#8220;][vc_column column_padding=&#8220;no-extra-padding&#8220; column_padding_position=&#8220;all&#8220; background_color_opacity=&#8220;1&#8243; background_hover_color_opacity=&#8220;1&#8243; column_link_target=&#8220;_self&#8220; column_shadow=&#8220;none&#8220; column_border_radius=&#8220;5px&#8220; width=&#8220;1\/2&#8243; tablet_width_inherit=&#8220;default&#8220; tablet_text_alignment=&#8220;default&#8220; phone_text_alignment=&#8220;default&#8220; column_border_width=&#8220;none&#8220; bg_image_animation=&#8220;none&#8220;][fancy_box box_style=&#8220;default&#8220; icon_family=&#8220;none&#8220; image_url=&#8220;326&#8243; color=&#8220;accent-color&#8220;] TISCHTENNIS Terminvergabe&#8230;<\/p>\n","protected":false},"author":1,"featured_media":0,"parent":0,"menu_order":0,"comment_status":"closed","ping_status":"closed","template":"","meta":{"footnotes":""},"class_list":["post-8","page","type-page","status-publish"],"_links":{"self":[{"href":"https:\/\/www.tt4f.de\/ssf\/wp-json\/wp\/v2\/pages\/8","targetHints":{"allow":["GET"]}}],"collection":[{"href":"https:\/\/www.tt4f.de\/ssf\/wp-json\/wp\/v2\/pages"}],"about":[{"href":"https:\/\/www.tt4f.de\/ssf\/wp-json\/wp\/v2\/types\/page"}],"author":[{"embeddable":true,"href":"https:\/\/www.tt4f.de\/ssf\/wp-json\/wp\/v2\/users\/1"}],"replies":[{"embeddable":true,"href":"https:\/\/www.tt4f.de\/ssf\/wp-json\/wp\/v2\/comments?post=8"}],"version-history":[{"count":82,"href":"https:\/\/www.tt4f.de\/ssf\/wp-json\/wp\/v2\/pages\/8\/revisions"}],"predecessor-version":[{"id":13504,"href":"https:\/\/www.tt4f.de\/ssf\/wp-json\/wp\/v2\/pages\/8\/revisions\/13504"}],"wp:attachment":[{"href":"https:\/\/www.tt4f.de\/ssf\/wp-json\/wp\/v2\/media?parent=8"}],"curies":[{"name":"wp","href":"https:\/\/api.w.org\/{rel}","templated":true}]}}